{"id":402,"date":"2016-02-04T21:42:38","date_gmt":"2016-02-04T21:42:38","guid":{"rendered":"https:\/\/cfinsaat.com\/?page_id=402"},"modified":"2016-03-08T14:13:45","modified_gmt":"2016-03-08T14:13:45","slug":"hakkimizda","status":"publish","type":"page","link":"https:\/\/cfinsaat.com\/?page_id=402","title":{"rendered":"Hakk\u0131m\u0131zda"},"content":{"rendered":"<p style=\"text-align: center;\"><ul id=\"skill\">\n<li><span class=\"thebar progressdefault\" style=\"width:100%;\"><\/span><h3 class=\"fontregular\"><i class=\"fa fa-bar-chart\"><\/i> <strong>HAKKIMIZDA<\/strong><\/h3><\/li>\n<\/ul>\n<table style=\"height: 417px;\" width=\"100%\">\n<tbody>\n<tr>\n<td>\n<p style=\"text-align: justify;\">1996 senesinde \u0130stanbul\u2019 da kurulan \u015firketimiz, <strong>CF \u0130N\u015eAAT<\/strong> G\u00fcn\u00fcm\u00fcze dek faaliyetlerini ba\u015far\u0131l\u0131 ve ilk g\u00fcn ki \u015fevk ve heyecanla devam ettirmektedir. Kuruldu\u011fu g\u00fcnden bug\u00fcne in\u015faat sekt\u00f6r\u00fcnde ba\u015far\u0131yla hizmet vermektedir. Hizmetimiz; m\u00fc\u015fterinin ihtiyac\u0131 do\u011frultusunda, yat\u0131r\u0131m projesini tasarlay\u0131p, karar\u0131n olu\u015fturulmas\u0131na ili\u015fkin maliyet analizleriyle, m\u00fc\u015fterinin yat\u0131r\u0131m karar\u0131n\u0131 destekleyecek ve yat\u0131r\u0131ma y\u00f6nelik tasar\u0131m ihtiya\u00e7lar\u0131n\u0131n kar\u015f\u0131lanmas\u0131 ve bu projenin mesleki donan\u0131m ve teknik personelimizle imalat\u0131 bir eser \u00f6zelli\u011finde yapabilme ve m\u00fc\u015fteri memnuniyetinin \u00f6n planda tutulup, s\u00fcreklili\u011fin sa\u011flanmas\u0131, i\u015fin gere\u011fine uygun kadrolar\u0131m\u0131zla, planlama ve yap\u0131m s\u00fcrecinin t\u00fcm organizasyon ili\u015fkilerini olu\u015fturup, m\u00fc\u015fteri ihtiyac\u0131n\u0131n tamamlanmas\u0131n\u0131 olu\u015fturur. Yap\u0131lan i\u015flerde i\u015f kalitesini \u00f6n planda tutan firmam\u0131z \u00f6zellikle end\u00fcstriyel zemin uygulamalar\u0131nda uzmanla\u015fm\u0131\u015f, T\u00fcrkiye\u2019 de ve yurt d\u0131\u015f\u0131nda bir \u00e7ok \u00f6nemli ve b\u00fcy\u00fck \u00e7apl\u0131 tesisler dahil, muhtelif projelerde yer alm\u0131\u015ft\u0131r.<\/p>\n<\/td>\n<\/tr>\n<tr>\n<td>\n<p style=\"text-align: left;\"><div class=\"unstyle\"><ul class=\"checklist\">\n<ul>\n<li>Firmam\u0131z\u0131n ba\u015fl\u0131ca faaliyetleri \u015funlard\u0131r;<\/li>\n<li>D\u0131\u015f ve \u0130\u00e7 Saha Zemin Betonlar\u0131 Uygulamalar\u0131,<\/li>\n<li>Vakumlu \u015eap ve Self Levelling Uygulamalar\u0131,<\/li>\n<li>Sertle\u015ftiricili End\u00fcstriyel Zemin Betonu Uygulamalar\u0131,<\/li>\n<li>Derz Kesimi, Derz Dolgusu Uygulamalar\u0131,<\/li>\n<li>Zemin Yenileme, Her T\u00fcrl\u00fc Zemin Tamiratlar\u0131,<\/li>\n<li>Epoksi Zemin Kaplamalar\u0131<\/li>\n<\/ul>\n<p style=\"text-align: left;\"><\/ul><\/div>\n<\/td>\n<\/tr>\n<\/tbody>\n<\/table>\n<p>&nbsp;<\/p>\n","protected":false},"excerpt":{"rendered":"<p>1996 senesinde \u0130stanbul\u2019 da kurulan \u015firketimiz, CF \u0130N\u015eAAT G\u00fcn\u00fcm\u00fcze dek faaliyetlerini ba\u015far\u0131l\u0131 ve ilk g\u00fcn ki \u015fevk ve heyecanla devam ettirmektedir. Kuruldu\u011fu g\u00fcnden bug\u00fcne in\u015faat sekt\u00f6r\u00fcnde ba\u015far\u0131yla hizmet vermektedir. Hizmetimiz; m\u00fc\u015fterinin ihtiyac\u0131 do\u011frultusunda, yat\u0131r\u0131m projesini tasarlay\u0131p, karar\u0131n olu\u015fturulmas\u0131na ili\u015fkin maliyet analizleriyle, m\u00fc\u015fterinin yat\u0131r\u0131m karar\u0131n\u0131 destekleyecek ve yat\u0131r\u0131ma y\u00f6nelik tasar\u0131m ihtiya\u00e7lar\u0131n\u0131n kar\u015f\u0131lanmas\u0131 ve bu projenin mesleki [&hellip;]<\/p>\n","protected":false},"author":4,"featured_media":0,"parent":0,"menu_order":0,"comment_status":"closed","ping_status":"closed","template":"","meta":{"footnotes":""},"class_list":["post-402","page","type-page","status-publish","hentry"],"_links":{"self":[{"href":"https:\/\/cfinsaat.com\/index.php?rest_route=\/wp\/v2\/pages\/402","targetHints":{"allow":["GET"]}}],"collection":[{"href":"https:\/\/cfinsaat.com\/index.php?rest_route=\/wp\/v2\/pages"}],"about":[{"href":"https:\/\/cfinsaat.com\/index.php?rest_route=\/wp\/v2\/types\/page"}],"author":[{"embeddable":true,"href":"https:\/\/cfinsaat.com\/index.php?rest_route=\/wp\/v2\/users\/4"}],"replies":[{"embeddable":true,"href":"https:\/\/cfinsaat.com\/index.php?rest_route=%2Fwp%2Fv2%2Fcomments&post=402"}],"version-history":[{"count":13,"href":"https:\/\/cfinsaat.com\/index.php?rest_route=\/wp\/v2\/pages\/402\/revisions"}],"predecessor-version":[{"id":534,"href":"https:\/\/cfinsaat.com\/index.php?rest_route=\/wp\/v2\/pages\/402\/revisions\/534"}],"wp:attachment":[{"href":"https:\/\/cfinsaat.com\/index.php?rest_route=%2Fwp%2Fv2%2Fmedia&parent=402"}],"curies":[{"name":"wp","href":"https:\/\/api.w.org\/{rel}","templated":true}]}}