{"id":404,"date":"2016-02-04T21:44:18","date_gmt":"2016-02-04T21:44:18","guid":{"rendered":"https:\/\/cfinsaat.com\/?page_id=404"},"modified":"2016-03-08T14:12:31","modified_gmt":"2016-03-08T14:12:31","slug":"kalite-standartlarimiz","status":"publish","type":"page","link":"https:\/\/cfinsaat.com\/?page_id=404","title":{"rendered":"Kalite Standartlar\u0131m\u0131z"},"content":{"rendered":"<p class=\"auto-style2\" style=\"text-align: center;\"><ul id=\"skill\">\n<li><span class=\"thebar progressdefault\" style=\"width:100%;\"><\/span><h3 class=\"fontregular\"><i class=\"fa fa-bar-chart\"><\/i> <strong>KAL\u0130TE STANDARTLARIMIZ<\/strong><\/h3><\/li>\n<\/ul>\n<p class=\"auto-style2\" style=\"text-align: center;\">\n<p class=\"auto-style2\" style=\"text-align: justify;\"><span style=\"color: #0088aa;\"><b>Zemin Betonlar\u0131 ve End\u00fcstriy<\/b><\/span><b><span style=\"color: #0088aa;\">el Zemin Uygulamalar\u0131 Ba\u015fl\u0131ca \u015eu A\u015famalar\u0131 \u0130\u00e7erir;<\/span><br \/>\nBeton D\u00f6k\u00fcm\u00fc \u00d6ncesi;<\/b><br \/>\n\u00b7 Nem kayb\u0131n\u0131 \u00f6nleyici tedbirlerin al\u0131nmas\u0131,<br \/>\n\u00b7 \u00c7elik kal\u0131plar\u0131n optik aletlerle yerle\u015ftirilmesi,<br \/>\n\u00b7 Has\u0131r \u00e7eliklerin projesine uygun d\u00f6\u015fenmesi,<br \/>\n\u00b7 Beton d\u00f6k\u00fclmesi ve vibrasyonlu mastar ile yerle\u015ftirilmesi,<br \/>\n\u00b7 Kontrol mastar\u0131yla y\u00fczeyin son kontrol\u00fcn\u00fcn yap\u0131lmas\u0131.<br \/>\nBeton d\u00f6k\u00fcm\u00fc uzman ekipler taraf\u0131ndan betonda ayr\u0131\u015fma ve su kayb\u0131na neden olmadan d\u00fczg\u00fcn ve e\u015fit da\u011f\u0131l\u0131ml\u0131 bir \u015fekilde yap\u0131l\u0131r. Beton d\u00f6k\u00fcm\u00fc esnas\u0131nda \u015fi\u015fe vibrat\u00f6r ve vibrasyonlu mastar kullan\u0131l\u0131r. Beton d\u00f6k\u00fcm\u00fc tamamland\u0131k\u00e7a al\u00fcminyum mastar ile son kontroller yap\u0131l\u0131r.<\/p>\n<p class=\"auto-style2\" style=\"text-align: justify;\"><b>Beton D\u00f6k\u00fcm\u00fc Sonras\u0131;<br \/>\n<\/b>\u00b7 Mevcut y\u00fczeye y\u00fczey sertle\u015ftirici serilir,<br \/>\n\u00b7 Beton priz ald\u0131ktan sonra helikopter diskle y\u00fczey d\u00fczeltilir,<br \/>\n\u00b7 Helikopter ile \u00e7elik mala perdah yap\u0131larak p\u00fcr\u00fczs\u00fcz bir y\u00fczey yap\u0131l\u0131r,<br \/>\n\u00b7 Betonda k\u0131lcal \u00e7atlaklar\u0131 \u00f6nlemek ve korumak i\u00e7in k\u00fcrleme i\u015flemi yap\u0131l\u0131r,<br \/>\n\u00b7 T\u00fcm bu i\u015flemlerden sonra 72 saat i\u00e7inde derz kesimi yap\u0131l\u0131r,<br \/>\n\u00b7 Kesilen derzler uygun elastik malzeme ile doldurulur.<br \/>\n<b><span style=\"color: #0088aa;\">\u00a0<\/span><\/b><\/p>\n<p class=\"auto-style2\" style=\"text-align: justify;\"><b><span style=\"color: #0088aa;\"> ZEM\u0130N BETONLARI \u2013 END\u00dcSTR\u0130YEL ZEM\u0130N UYGULAMALARI<br \/>\n<\/span><\/b>\u00b7 Metal Fiber Katk\u0131l\u0131 Har\u00e7lar<br \/>\n\u00b7 Y\u00fczey Sertle\u015ftiriciler<br \/>\n\u00b7 Quartz ve Korondum Sertle\u015ftiriciler<br \/>\n\u00b7 End\u00fcstriyel Zemin Betonlar\u0131<br \/>\n\u00b7 Vakumlu \u015eap Uygulamalar\u0131<br \/>\n\u00b7 Self \u2013 Levelling \u015eaplar<br \/>\n\u00b7 Epoksi ve Poli\u00fcretan Kaplamalar<br \/>\n\u00b7 Epoksili Har\u00e7lar<br \/>\n\u00b7 Beton K\u00fcr Uygulamalar\u0131<br \/>\n\u00b7 Derz Kesimi<br \/>\n\u00b7 Derz Dolgular\u0131<\/p>\n","protected":false},"excerpt":{"rendered":"<p>Zemin Betonlar\u0131 ve End\u00fcstriyel Zemin Uygulamalar\u0131 Ba\u015fl\u0131ca \u015eu A\u015famalar\u0131 \u0130\u00e7erir; Beton D\u00f6k\u00fcm\u00fc \u00d6ncesi; \u00b7 Nem kayb\u0131n\u0131 \u00f6nleyici tedbirlerin al\u0131nmas\u0131, \u00b7 \u00c7elik kal\u0131plar\u0131n optik aletlerle yerle\u015ftirilmesi, \u00b7 Has\u0131r \u00e7eliklerin projesine uygun d\u00f6\u015fenmesi, \u00b7 Beton d\u00f6k\u00fclmesi ve vibrasyonlu mastar ile yerle\u015ftirilmesi, \u00b7 Kontrol mastar\u0131yla y\u00fczeyin son kontrol\u00fcn\u00fcn yap\u0131lmas\u0131. Beton d\u00f6k\u00fcm\u00fc uzman ekipler taraf\u0131ndan betonda ayr\u0131\u015fma ve su [&hellip;]<\/p>\n","protected":false},"author":4,"featured_media":0,"parent":0,"menu_order":0,"comment_status":"closed","ping_status":"closed","template":"","meta":{"footnotes":""},"class_list":["post-404","page","type-page","status-publish","hentry"],"_links":{"self":[{"href":"https:\/\/cfinsaat.com\/index.php?rest_route=\/wp\/v2\/pages\/404","targetHints":{"allow":["GET"]}}],"collection":[{"href":"https:\/\/cfinsaat.com\/index.php?rest_route=\/wp\/v2\/pages"}],"about":[{"href":"https:\/\/cfinsaat.com\/index.php?rest_route=\/wp\/v2\/types\/page"}],"author":[{"embeddable":true,"href":"https:\/\/cfinsaat.com\/index.php?rest_route=\/wp\/v2\/users\/4"}],"replies":[{"embeddable":true,"href":"https:\/\/cfinsaat.com\/index.php?rest_route=%2Fwp%2Fv2%2Fcomments&post=404"}],"version-history":[{"count":7,"href":"https:\/\/cfinsaat.com\/index.php?rest_route=\/wp\/v2\/pages\/404\/revisions"}],"predecessor-version":[{"id":531,"href":"https:\/\/cfinsaat.com\/index.php?rest_route=\/wp\/v2\/pages\/404\/revisions\/531"}],"wp:attachment":[{"href":"https:\/\/cfinsaat.com\/index.php?rest_route=%2Fwp%2Fv2%2Fmedia&parent=404"}],"curies":[{"name":"wp","href":"https:\/\/api.w.org\/{rel}","templated":true}]}}