{"id":411,"date":"2016-02-04T21:46:02","date_gmt":"2016-02-04T21:46:02","guid":{"rendered":"https:\/\/cfinsaat.com\/?page_id=411"},"modified":"2016-03-08T14:09:42","modified_gmt":"2016-03-08T14:09:42","slug":"vizyon","status":"publish","type":"page","link":"https:\/\/cfinsaat.com\/?page_id=411","title":{"rendered":"Vizyon"},"content":{"rendered":"<p style=\"text-align: center;\"><ul id=\"skill\">\n<li><span class=\"thebar progressdefault\" style=\"width:100%;\"><\/span><h3 class=\"fontregular\"><i class=\"fa fa-bar-chart\"><\/i> <strong>V\u0130ZYON<\/strong><\/h3><\/li>\n<\/ul>\n<p style=\"text-align: center;\">\n<p style=\"text-align: justify;\">Temel kalite politikalar\u0131m\u0131z \u00e7er\u00e7evesinde olu\u015fturdu\u011fumuz hizmet stratejilerimiz \u0131\u015f\u0131\u011f\u0131nda, verdi\u011fimiz kaliteli hizmetle ileri ve say\u0131l\u0131 kurulu\u015f olarak; m\u00fc\u015fteri tercihlerinde bir numara olmak ve \u00e7al\u0131\u015fanlar\u0131m\u0131z, m\u00fc\u015fterilerimiz, tedarik\u00e7ilerimizle; g\u00fcvenli, huzurlu, \u015feffaf, demokratik ve karl\u0131 bir ortam yaratarak bunun s\u00fcreklili\u011fini sa\u011flamakt\u0131r.<\/p>\n","protected":false},"excerpt":{"rendered":"<p>Temel kalite politikalar\u0131m\u0131z \u00e7er\u00e7evesinde olu\u015fturdu\u011fumuz hizmet stratejilerimiz \u0131\u015f\u0131\u011f\u0131nda, verdi\u011fimiz kaliteli hizmetle ileri ve say\u0131l\u0131 kurulu\u015f olarak; m\u00fc\u015fteri tercihlerinde bir numara olmak ve \u00e7al\u0131\u015fanlar\u0131m\u0131z, m\u00fc\u015fterilerimiz, tedarik\u00e7ilerimizle; g\u00fcvenli, huzurlu, \u015feffaf, demokratik ve karl\u0131 bir ortam yaratarak bunun s\u00fcreklili\u011fini sa\u011flamakt\u0131r.<\/p>\n","protected":false},"author":4,"featured_media":0,"parent":0,"menu_order":0,"comment_status":"closed","ping_status":"closed","template":"","meta":{"footnotes":""},"class_list":["post-411","page","type-page","status-publish","hentry"],"_links":{"self":[{"href":"https:\/\/cfinsaat.com\/index.php?rest_route=\/wp\/v2\/pages\/411","targetHints":{"allow":["GET"]}}],"collection":[{"href":"https:\/\/cfinsaat.com\/index.php?rest_route=\/wp\/v2\/pages"}],"about":[{"href":"https:\/\/cfinsaat.com\/index.php?rest_route=\/wp\/v2\/types\/page"}],"author":[{"embeddable":true,"href":"https:\/\/cfinsaat.com\/index.php?rest_route=\/wp\/v2\/users\/4"}],"replies":[{"embeddable":true,"href":"https:\/\/cfinsaat.com\/index.php?rest_route=%2Fwp%2Fv2%2Fcomments&post=411"}],"version-history":[{"count":4,"href":"https:\/\/cfinsaat.com\/index.php?rest_route=\/wp\/v2\/pages\/411\/revisions"}],"predecessor-version":[{"id":527,"href":"https:\/\/cfinsaat.com\/index.php?rest_route=\/wp\/v2\/pages\/411\/revisions\/527"}],"wp:attachment":[{"href":"https:\/\/cfinsaat.com\/index.php?rest_route=%2Fwp%2Fv2%2Fmedia&parent=411"}],"curies":[{"name":"wp","href":"https:\/\/api.w.org\/{rel}","templated":true}]}}